{"id":259,"date":"2019-03-01T15:35:31","date_gmt":"2019-03-01T14:35:31","guid":{"rendered":"http:\/\/ulihoehmann.de\/?page_id=259"},"modified":"2025-07-23T12:01:10","modified_gmt":"2025-07-23T10:01:10","slug":"kontakt","status":"publish","type":"page","link":"https:\/\/ulihoehmann.de\/index.php\/kontakt\/","title":{"rendered":"Kontakt"},"content":{"rendered":"<p>[vc_row][vc_column width=&#8220;1\/4&#8243; mobile_width=&#8220;hide&#8220; text_align=&#8220;center&#8220;][\/vc_column][vc_column width=&#8220;1\/2&#8243;][vc_column_text animation_delay=&#8220;500&#8243;]<\/p>\n<h4 style=\"text-align: center;\">Telefon <a href=\"tel:+491791101404\"><span style=\"color: #ffd400;\"><u>+49.179.110 14 04<\/u><\/span><\/a><\/h4>\n<h4 style=\"text-align: center;\">eMail <span style=\"color: #ffd400;\"><u>webseite[at]ulihoehmann[dot]de<\/u><\/span><\/h4>\n<p>[\/vc_column_text]<div class=\"eut-empty-space eut-height-2x\" style=\"\"><\/div>\n<div class=\"wpcf7 no-js\" id=\"wpcf7-f488-o1\" lang=\"de-DE\" dir=\"ltr\">\n<div class=\"screen-reader-response\"><p role=\"status\" aria-live=\"polite\" aria-atomic=\"true\"><\/p> <ul><\/ul><\/div>\n<form action=\"\/index.php\/wp-json\/wp\/v2\/pages\/259#wpcf7-f488-o1\" method=\"post\" class=\"wpcf7-form init\" aria-label=\"Kontaktformular\" novalidate=\"novalidate\" data-status=\"init\">\n<div style=\"display: none;\">\n<input type=\"hidden\" name=\"_wpcf7\" value=\"488\" \/>\n<input type=\"hidden\" name=\"_wpcf7_version\" value=\"5.9.3\" \/>\n<input type=\"hidden\" name=\"_wpcf7_locale\" value=\"de_DE\" \/>\n<input type=\"hidden\" name=\"_wpcf7_unit_tag\" value=\"wpcf7-f488-o1\" \/>\n<input type=\"hidden\" name=\"_wpcf7_container_post\" value=\"0\" \/>\n<input type=\"hidden\" name=\"_wpcf7_posted_data_hash\" value=\"\" \/>\n<\/div>\n<p><label> Dein Name (Pflichtfeld)<br \/>\n<span class=\"wpcf7-form-control-wrap\" data-name=\"your-name\"><input size=\"40\" class=\"wpcf7-form-control wpcf7-text wpcf7-validates-as-required\" aria-required=\"true\" aria-invalid=\"false\" value=\"\" type=\"text\" name=\"your-name\" \/><\/span> <\/label>\n<\/p>\n<p><label> Deine E-Mail-Adresse (Pflichtfeld)<br \/>\n<span class=\"wpcf7-form-control-wrap\" data-name=\"your-email\"><input size=\"40\" class=\"wpcf7-form-control wpcf7-email wpcf7-validates-as-required wpcf7-text wpcf7-validates-as-email\" aria-required=\"true\" aria-invalid=\"false\" value=\"\" type=\"email\" name=\"your-email\" \/><\/span> <\/label>\n<\/p>\n<p><label> Betreff<br \/>\n<span class=\"wpcf7-form-control-wrap\" data-name=\"your-subject\"><input size=\"40\" class=\"wpcf7-form-control wpcf7-text\" aria-invalid=\"false\" value=\"\" type=\"text\" name=\"your-subject\" \/><\/span> <\/label>\n<\/p>\n<p><label> Deine Nachricht<br \/>\n<span class=\"wpcf7-form-control-wrap\" data-name=\"your-message\"><textarea cols=\"40\" rows=\"10\" class=\"wpcf7-form-control wpcf7-textarea\" aria-invalid=\"false\" name=\"your-message\"><\/textarea><\/span> <\/label>\n<\/p>\n<p style=\"font-size: 16px;line-height: 24px\"><span class=\"wpcf7-form-control-wrap\" data-name=\"acceptance-879\"><span class=\"wpcf7-form-control wpcf7-acceptance\"><span class=\"wpcf7-list-item\"><label><input type=\"checkbox\" name=\"acceptance-879\" value=\"1\" aria-invalid=\"false\" \/><span class=\"wpcf7-list-item-label\">Ich bin damit einverstanden, dass Uli H\u00f6hmann meine mit diesem Formular \u00fcbermittelten pers\u00f6nlichen Daten speichern und nutzen kann um mich wieder zu kontaktieren. Hinweise zur Verarbeitung Ihrer Angaben und Widerspruchsrechte finden Sie in meiner <a href=\"https:\/\/ulihoehmann.de\/index.php\/datenschutz\/\">Datenschutzerkl\u00e4rung<\/a>.<\/span><\/label><\/span><\/span><\/span>\n<\/p>\n<p style=\"font-size: 16px;line-height: 24px\"><span class=\"wpcf7-form-control-wrap\" data-name=\"acceptance-880\"><span class=\"wpcf7-form-control wpcf7-acceptance\"><span class=\"wpcf7-list-item\"><label><input type=\"checkbox\" name=\"acceptance-880\" value=\"1\" aria-invalid=\"false\" \/><span class=\"wpcf7-list-item-label\">Mir ist bekannt, dass die elektronische Kommunikation in der Regel unverschl\u00fcsselt stattfindet und nicht auszuschlie\u00dfen ist, dass unbefugte Dritte von dem Inhalt der Nachricht Kenntnis erhalten.<\/span><\/label><\/span><\/span><\/span>\n<\/p>\n<p><input class=\"wpcf7-form-control wpcf7-submit has-spinner\" type=\"submit\" value=\"Senden\" \/>\n<\/p><div class=\"wpcf7-response-output\" aria-hidden=\"true\"><\/div>\n<\/form>\n<\/div>\n<div class=\"eut-empty-space eut-height-1x\" style=\"\"><\/div><div class=\"eut-element eut-align-left\"><a href=\"https:\/\/ulihoehmann.de\/index.php\/newsletter\/\" title=\"Newsletter\" class=\"eut-btn eut-btn-large eut-round eut-bg-primary-2 eut-bg-hover-primary-1 eut-fullwidth-btn eut-fluid-btn-short\"><span>Abonniere meinen Newsletter und du verpasst keine Termine<\/span><\/a><\/div><div class=\"eut-empty-space eut-height-1x\" style=\"\"><\/div>[\/vc_column][vc_column width=&#8220;1\/4&#8243; mobile_width=&#8220;hide&#8220;][\/vc_column][\/vc_row][vc_row][vc_column width=&#8220;1\/4&#8243; mobile_width=&#8220;hide&#8220;][\/vc_column][vc_column width=&#8220;1\/2&#8243;]<div class=\"eut-element eut-image eut-animated-item eut-zoom-in eut-duration-fast eut-align-center\" style=\"\" data-delay=\"500\">  <div class=\"eut-image-wrapper\"><a class=\"eut-image-popup\" href=\"https:\/\/ulihoehmann.de\/wp-content\/uploads\/pict_uli_hoehmann_gabs_tote_1080x1080_12.jpg\"><img loading=\"lazy\" decoding=\"async\" width=\"1080\" height=\"1080\" src=\"https:\/\/ulihoehmann.de\/wp-content\/uploads\/pict_uli_hoehmann_gabs_tote_1080x1080_12.jpg\" class=\"attachment-full size-full\" alt=\"\" srcset=\"https:\/\/ulihoehmann.de\/wp-content\/uploads\/pict_uli_hoehmann_gabs_tote_1080x1080_12.jpg 1080w, https:\/\/ulihoehmann.de\/wp-content\/uploads\/pict_uli_hoehmann_gabs_tote_1080x1080_12-300x300.jpg 300w, https:\/\/ulihoehmann.de\/wp-content\/uploads\/pict_uli_hoehmann_gabs_tote_1080x1080_12-1024x1024.jpg 1024w, https:\/\/ulihoehmann.de\/wp-content\/uploads\/pict_uli_hoehmann_gabs_tote_1080x1080_12-150x150.jpg 150w, https:\/\/ulihoehmann.de\/wp-content\/uploads\/pict_uli_hoehmann_gabs_tote_1080x1080_12-768x768.jpg 768w, https:\/\/ulihoehmann.de\/wp-content\/uploads\/pict_uli_hoehmann_gabs_tote_1080x1080_12-560x560.jpg 560w, https:\/\/ulihoehmann.de\/wp-content\/uploads\/pict_uli_hoehmann_gabs_tote_1080x1080_12-900x900.jpg 900w\" sizes=\"(max-width: 1080px) 100vw, 1080px\" \/><\/a>   <\/div><\/div>[\/vc_column][vc_column width=&#8220;1\/4&#8243; mobile_width=&#8220;hide&#8220;][\/vc_column][\/vc_row]<\/p>\n","protected":false},"excerpt":{"rendered":"<p>[vc_row][vc_column width=&#8220;1\/4&#8243; mobile_width=&#8220;hide&#8220; text_align=&#8220;center&#8220;][\/vc_column][vc_column width=&#8220;1\/2&#8243;][vc_column_text animation_delay=&#8220;500&#8243;] Telefon +49.179.110 14 04 eMail webseite[at]ulihoehmann[dot]de [\/vc_column_text][\/vc_column][vc_column width=&#8220;1\/4&#8243; mobile_width=&#8220;hide&#8220;][\/vc_column][\/vc_row][vc_row][vc_column width=&#8220;1\/4&#8243; mobile_width=&#8220;hide&#8220;][\/vc_column][vc_column width=&#8220;1\/2&#8243;][\/vc_column][vc_column width=&#8220;1\/4&#8243; mobile_width=&#8220;hide&#8220;][\/vc_column][\/vc_row]<\/p>\n","protected":false},"author":1,"featured_media":0,"parent":0,"menu_order":9,"comment_status":"closed","ping_status":"closed","template":"","meta":{"footnotes":""},"_links":{"self":[{"href":"https:\/\/ulihoehmann.de\/index.php\/wp-json\/wp\/v2\/pages\/259"}],"collection":[{"href":"https:\/\/ulihoehmann.de\/index.php\/wp-json\/wp\/v2\/pages"}],"about":[{"href":"https:\/\/ulihoehmann.de\/index.php\/wp-json\/wp\/v2\/types\/page"}],"author":[{"embeddable":true,"href":"https:\/\/ulihoehmann.de\/index.php\/wp-json\/wp\/v2\/users\/1"}],"replies":[{"embeddable":true,"href":"https:\/\/ulihoehmann.de\/index.php\/wp-json\/wp\/v2\/comments?post=259"}],"version-history":[{"count":4,"href":"https:\/\/ulihoehmann.de\/index.php\/wp-json\/wp\/v2\/pages\/259\/revisions"}],"predecessor-version":[{"id":1412,"href":"https:\/\/ulihoehmann.de\/index.php\/wp-json\/wp\/v2\/pages\/259\/revisions\/1412"}],"wp:attachment":[{"href":"https:\/\/ulihoehmann.de\/index.php\/wp-json\/wp\/v2\/media?parent=259"}],"curies":[{"name":"wp","href":"https:\/\/api.w.org\/{rel}","templated":true}]}}