{"id":36,"date":"2019-02-21T09:06:11","date_gmt":"2019-02-21T08:06:11","guid":{"rendered":"http:\/\/ulihoehmann.de\/?page_id=36"},"modified":"2025-07-23T13:11:11","modified_gmt":"2025-07-23T11:11:11","slug":"theater","status":"publish","type":"page","link":"https:\/\/ulihoehmann.de\/index.php\/theater\/","title":{"rendered":"Theater"},"content":{"rendered":"<p>[vc_row padding_top_multiplier=&#8220;&#8220;][vc_column css=&#8220;.vc_custom_1753267671057{margin-top: 18px !important;}&#8220;][vc_column_text]<\/p>\n<h1 style=\"color: #006100; text-align: left;\">Die Schule der Diktatoren<\/h1>\n<p>[\/vc_column_text][vc_row_inner][vc_column_inner width=&#8220;1\/3&#8243;][vc_column_text]<\/p>\n<h3><\/h3>\n<h3>Von Erich K\u00e4stner<\/h3>\n<h5><a href=\"https:\/\/buechnerbuehne.de\/programm\/\" target=\"_blank\" rel=\"noopener\"><span style=\"color: #008000;\">B\u00fcchnerb\u00fchne Riedstadt-Leeheim<\/span><\/a><\/h5>\n<h5><span style=\"color: #008000;\">Inszenierung: Christian Suhr<\/span><\/h5>\n<h5><span style=\"color: #008000;\">Premiere: 16.5.2025 <\/span><\/h5>\n<p><em>&#8222;Die Technik des Staatsstreichs hat mit dem Staatsstreich der Technik zu rechnen.&#8220; (Erich K\u00e4stner)<\/em><\/p>\n<p>In diesem St\u00fcck von 1957, das aktueller denn je ist, durfte ich die Rolle des x-fach kopierten Pr\u00e4sidenten spielen.[\/vc_column_text][\/vc_column_inner][vc_column_inner width=&#8220;2\/3&#8243;]<div class=\"eut-empty-space eut-height-2x\" style=\"\"><\/div><div class=\"eut-element eut-video\" style=\"\"><iframe loading=\"lazy\" title=\"Die Schule der Diktatoren (Erich K\u00e4stner)\" width=\"1080\" height=\"608\" src=\"https:\/\/www.youtube.com\/embed\/PLO_CLfFNGQ?feature=oembed\" frameborder=\"0\" allow=\"accelerometer; autoplay; clipboard-write; encrypted-media; gyroscope; picture-in-picture; web-share\" referrerpolicy=\"strict-origin-when-cross-origin\" allowfullscreen><\/iframe><\/div>[\/vc_column_inner][\/vc_row_inner][\/vc_column][\/vc_row][vc_row padding_top_multiplier=&#8220;&#8220;][vc_column css=&#8220;.vc_custom_1648536270636{margin-top: 18px !important;}&#8220;][vc_column_text]<\/p>\n<h1 style=\"color: #006100; text-align: left;\">wenig<span style=\"font-weight: 400;\">theater<\/span><\/h1>\n<p>[\/vc_column_text][\/vc_column][\/vc_row][vc_row][vc_column width=&#8220;1\/3&#8243;][vc_column_text]<\/p>\n<p style=\"text-align: right;\"><strong>Regina Wenig<\/strong> Regie\/Autorin\/Performance<br \/>\n<strong><a href=\"https:\/\/www.martinlejeune-jazz.de\" target=\"_blank\" rel=\"noopener noreferrer\">Martin Lejeune<\/a><\/strong> Musik\/Sound<br \/>\n<strong>Uli H\u00f6hmann<\/strong> Sprechen\/Performance<\/p>\n<p style=\"text-align: right;\"><strong>Special guests\u00a0je nach Projekt:<\/strong><br \/>\n<strong>Dalibor Markovic<\/strong><br \/>\n<strong>Kristina Veit<\/strong> Tanz<br \/>\n<strong>Nicola Unger<\/strong> Videokunst<br \/>\n<strong>Hannah Heinzelmann<\/strong> Schauspiel<br \/>\n<strong>Anita Fricker<\/strong> Performance<br \/>\n<strong>\u2028Saskia Taeger<\/strong> Schauspiel<\/p>\n<p style=\"text-align: right;\"><a href=\"https:\/\/www.wenigtheater.de\" target=\"_blank\" rel=\"noopener noreferrer\"><strong>www.wenigtheater.de<\/strong><\/a><\/p>\n<p>[\/vc_column_text][\/vc_column][vc_column width=&#8220;2\/3&#8243;][vc_column_text]<strong>wenig<\/strong>theater ist ein Pop-up-Theater. Es hat kein festes Haus, keinen fixen Ort, nein! Am Liebsten springt <strong>wenig<\/strong>theater je nach Thema in seiner Heimatstadt Frankfurt am Main am dazu passenden Spielort auf. Der Inhalt der Arbeit bestimmt den Auff\u00fchrungsort. Der Auff\u00fchrungsort bestimmt den Inhalt.<\/p>\n<p>Unsere St\u00fccke sind alle dokumentarisch. Die Texte basieren auf Interviews. Und wie das antike Drama eine Auseinandersetzung mit der Stadt ist, in der man lebt, suchen wir die Auseinandersetzung mit der Gesellschaft, in der wir leben. An Orten, die gar nichts mit Theater zu tun haben. Bis wir dort Theater machen.<\/p>\n<p>Unsere Projekte werden regelm\u00e4\u00dfig gef\u00f6rdert vom Kulturamt der Stadt Frankfurt und vom Hessischen Ministerium f\u00fcr Wissenschaft und Kunst.[\/vc_column_text][\/vc_column][\/vc_row][vc_row][vc_column width=&#8220;1\/3&#8243; mobile_width=&#8220;hide&#8220;][\/vc_column][vc_column width=&#8220;2\/3&#8243; text_align=&#8220;center&#8220;]<div class=\"eut-element eut-divider eut-align-center\" style=\"\"><span class=\"eut-custom-divider eut-bg-primary-3\" style=\"width: 100%;height: 2px;\"><\/span><\/div>[\/vc_column][\/vc_row][vc_row][vc_column width=&#8220;1\/3&#8243; mobile_width=&#8220;hide&#8220;][\/vc_column][vc_column width=&#8220;2\/3&#8243;][vc_column_text animation_delay=&#8220;400&#8243;]<\/p>\n<h3 style=\"color: #006100;\">Projekte<\/h3>\n<h4 style=\"color: #006100;\">Demokratie, mon amour | Theater, mon amour?<\/h4>\n<p>Eine Dokumentar-Performance mit Tanz und Live-Musik &#8211;\u00a0<em>Dezember 2024\u00a0<\/em><\/p>\n<p>Unsere Jubil\u00e4ums-Performance zu 10 Jahre wenigtheater in Frankfurt am Main in 5 Akten | Amka, Amt f\u00fcr multikulturelle Angelegenheiten, Frankfurt am Main<\/p>\n<p>[\/vc_column_text]<div class=\"eut-empty-space eut-height-2x\" style=\"\"><\/div>[vc_column_text animation_delay=&#8220;400&#8243;]<\/p>\n<h4 style=\"color: #006100;\">\u201e&#8230; und hat sie sofort <span style=\"color: #ff0000;\">ber\u00fchrt<\/span>.\u201c HUMAN TOUCH<\/h4>\n<p>Text f\u00fcr eine T\u00e4nzerin &#8211; <em>Juli 2022<\/em><br \/>\nEin Friseursalon wird zur B\u00fchne, das Publikum ist vor dem Schaufenster. Regina Wenig inszeniert das Thema Ber\u00fchrungen aus Interviews mit verschiedensten Menschen. Tanz trifft auf Wort und Rhythmus &#8211; ber\u00fchrend, insprierend und mitten im (\u00f6ffentlichen) Leben. | Friseursalon Schamlos, Frankfurt am Main<\/p>\n<h6><span style=\"color: #000000;\">Kristina Veit (Foto privat)<\/span><\/h6>\n<p>[\/vc_column_text]<div class=\"eut-empty-space eut-height-1x\" style=\"\"><\/div><div class=\"eut-element eut-image eut-animated-item eut-zoom-in eut-duration-normal eut-align-center\" style=\"\" data-delay=\"200\">  <div class=\"eut-image-wrapper\"><a class=\"eut-image-popup\" href=\"https:\/\/ulihoehmann.de\/wp-content\/uploads\/2022-06-27_Human-Touch-1-91-bearbeitet-4zu3.jpg\"><img loading=\"lazy\" decoding=\"async\" width=\"1920\" height=\"1440\" src=\"https:\/\/ulihoehmann.de\/wp-content\/uploads\/2022-06-27_Human-Touch-1-91-bearbeitet-4zu3-1920x1440.jpg\" class=\"attachment-fildisi-eutf-fullscreen size-fildisi-eutf-fullscreen\" alt=\"\" srcset=\"https:\/\/ulihoehmann.de\/wp-content\/uploads\/2022-06-27_Human-Touch-1-91-bearbeitet-4zu3-1920x1440.jpg 1920w, https:\/\/ulihoehmann.de\/wp-content\/uploads\/2022-06-27_Human-Touch-1-91-bearbeitet-4zu3-300x225.jpg 300w, https:\/\/ulihoehmann.de\/wp-content\/uploads\/2022-06-27_Human-Touch-1-91-bearbeitet-4zu3-1024x768.jpg 1024w, https:\/\/ulihoehmann.de\/wp-content\/uploads\/2022-06-27_Human-Touch-1-91-bearbeitet-4zu3-768x576.jpg 768w, https:\/\/ulihoehmann.de\/wp-content\/uploads\/2022-06-27_Human-Touch-1-91-bearbeitet-4zu3-1536x1152.jpg 1536w, https:\/\/ulihoehmann.de\/wp-content\/uploads\/2022-06-27_Human-Touch-1-91-bearbeitet-4zu3-560x420.jpg 560w, https:\/\/ulihoehmann.de\/wp-content\/uploads\/2022-06-27_Human-Touch-1-91-bearbeitet-4zu3-900x675.jpg 900w\" sizes=\"(max-width: 1920px) 100vw, 1920px\" \/><\/a>   <\/div><\/div><div class=\"eut-empty-space eut-height-2x\" style=\"\"><\/div>[vc_column_text animation_delay=&#8220;400&#8243;]<\/p>\n<h4 style=\"color: #006100;\">\u201eGro\u00dfes Solo f\u00fcr Petra. Ein Triptychon.\u201c<\/h4>\n<p><em>Oktober\/November 2018<\/em><br \/>\nDrei Geschichten drei realer Frauen &#8211; eine verlobt in Nazi-Deutschland, eine vierfache Mutter in der BRD und eine gefl\u00fcchtete Afghanin im wiedervereinigten Deutschland. Drei mal Leben mit Tr\u00e4umen, Siegen und Niederlagen vor dem Panorama von 120 Jahren Geschichte. Eine Video- und Dokumentarperformance f\u00fcr 2 Staubsauger, tiefes Blech und 3 Sprecher. | Galerie FELD+HAUS Frankfurt am Main[\/vc_column_text]<div class=\"eut-empty-space eut-height-1x\" style=\"\"><\/div><div class=\"eut-element eut-image eut-animated-item eut-zoom-in eut-duration-normal eut-align-center\" style=\"\" data-delay=\"200\">  <div class=\"eut-image-wrapper\"><a class=\"eut-image-popup\" href=\"https:\/\/ulihoehmann.de\/wp-content\/uploads\/Flyer_Petra_Collage_Foto_Nicola_Unger_gr.jpg\"><img loading=\"lazy\" decoding=\"async\" width=\"1080\" height=\"790\" src=\"https:\/\/ulihoehmann.de\/wp-content\/uploads\/Flyer_Petra_Collage_Foto_Nicola_Unger_gr.jpg\" class=\"attachment-fildisi-eutf-fullscreen size-fildisi-eutf-fullscreen\" alt=\"\" srcset=\"https:\/\/ulihoehmann.de\/wp-content\/uploads\/Flyer_Petra_Collage_Foto_Nicola_Unger_gr.jpg 1080w, https:\/\/ulihoehmann.de\/wp-content\/uploads\/Flyer_Petra_Collage_Foto_Nicola_Unger_gr-300x219.jpg 300w, https:\/\/ulihoehmann.de\/wp-content\/uploads\/Flyer_Petra_Collage_Foto_Nicola_Unger_gr-768x562.jpg 768w, https:\/\/ulihoehmann.de\/wp-content\/uploads\/Flyer_Petra_Collage_Foto_Nicola_Unger_gr-1024x749.jpg 1024w\" sizes=\"(max-width: 1080px) 100vw, 1080px\" \/><\/a>   <\/div><\/div><div class=\"eut-empty-space eut-height-2x\" style=\"\"><\/div>[vc_column_text animation_delay=&#8220;400&#8243;]<\/p>\n<h4 style=\"color: #006100;\">\u201eIch wei\u00df, was du glaubst, was ich denke \u2013 Die Bleib\u00fccher von Frankfurt\u201c<\/h4>\n<p><em>April 2017<br \/>\n<\/em>Sie leben nebeneinander. Reden Sie auch miteinander? Die gl\u00e4ubige Muslima, der Stadtpolitiker, die nicht-gl\u00e4ubige J\u00fcdin, der zwiegespaltene Deutsch-Iraker, die Feministin u.a. F\u00fcr dieses Theaterprojekt haben sie Tagebuch geschrieben und treten in den Dialog. Wie leben Menschen heute zusammen? Gibt es die multikulturelle Stadt? Ist sie gewollt? | Deutsche Nationalbibliothek Frankfurt am Main, Moschee des IIS e.V. Frankfurt am Main<\/p>\n<h4 style=\"color: #006100;\">\u201eGut und B\u00f6se. Eine Stadt fragt ihre Profis\u201c<\/h4>\n<p><em>Mai 2016<\/em><br \/>\nHauptbahnhof Frankfurt am Main, Polizeipr\u00e4sidium Frankfurt am Main[\/vc_column_text]<div class=\"eut-empty-space eut-height-1x\" style=\"\"><\/div><div class=\"eut-element eut-video\" style=\"\"><iframe loading=\"lazy\" width=\"1080\" height=\"608\" src=\"https:\/\/www.youtube.com\/embed\/NDNE3SJZBl4?feature=oembed\" frameborder=\"0\" allow=\"accelerometer; autoplay; encrypted-media; gyroscope; picture-in-picture\" allowfullscreen><\/iframe><\/div><div class=\"eut-empty-space eut-height-2x\" style=\"\"><\/div>[vc_column_text]<\/p>\n<h4 style=\"color: #006100;\">\u201eAsking Rhein Main. Eine theatrale Reise\u201c<\/h4>\n<p><em>M\u00e4rz 2015<\/em><br \/>\nHauptbahnhof Frankfurt<\/p>\n<h4 style=\"color: #006100;\">\u201eStimmen vom Rande Europas\u201c<\/h4>\n<p><em>Februar 2015<\/em><br \/>\nPfalzbautheater Ludwigshafen, Auftragsarbeit f\u00fcr das Festival \u201eOffene Welt\u201c<\/p>\n<h4 style=\"color: #006100;\">\u201elos heimat los \/ Worte auf der Flucht\u201c<\/h4>\n<p><em>Dezember 2013\/2014<\/em><br \/>\nHauptbahnhof Frankfurt, Hauptbahnhof Darmstadt, Hauptbahnhof Wiesbaden; Theatervorplatz Mainz; im Rahmen der ARD-Themenwoche \u201eHeimat\u201c f\u00fcr hr-iNFO, Gastspiel in Bayreuth f\u00fcr Amnesty International[\/vc_column_text][\/vc_column][\/vc_row]<\/p>\n","protected":false},"excerpt":{"rendered":"<p>[vc_row padding_top_multiplier=&#8220;&#8220;][vc_column css=&#8220;.vc_custom_1753267671057{margin-top: 18px !important;}&#8220;][vc_column_text] Die Schule der Diktatoren [\/vc_column_text][vc_row_inner][vc_column_inner width=&#8220;1\/3&#8243;][vc_column_text] Von Erich K\u00e4stner B\u00fcchnerb\u00fchne Riedstadt-Leeheim Inszenierung: Christian Suhr Premiere: 16.5.2025 &#8222;Die Technik des Staatsstreichs hat mit dem Staatsstreich der Technik zu rechnen.&#8220; (Erich K\u00e4stner) In diesem St\u00fcck von 1957, das aktueller denn je ist, durfte ich die Rolle des x-fach kopierten Pr\u00e4sidenten spielen.[\/vc_column_text][\/vc_column_inner][vc_column_inner width=&#8220;2\/3&#8243;][\/vc_column_inner][\/vc_row_inner][\/vc_column][\/vc_row][vc_row [&hellip;]<\/p>\n","protected":false},"author":1,"featured_media":0,"parent":0,"menu_order":6,"comment_status":"closed","ping_status":"closed","template":"","meta":{"footnotes":""},"_links":{"self":[{"href":"https:\/\/ulihoehmann.de\/index.php\/wp-json\/wp\/v2\/pages\/36"}],"collection":[{"href":"https:\/\/ulihoehmann.de\/index.php\/wp-json\/wp\/v2\/pages"}],"about":[{"href":"https:\/\/ulihoehmann.de\/index.php\/wp-json\/wp\/v2\/types\/page"}],"author":[{"embeddable":true,"href":"https:\/\/ulihoehmann.de\/index.php\/wp-json\/wp\/v2\/users\/1"}],"replies":[{"embeddable":true,"href":"https:\/\/ulihoehmann.de\/index.php\/wp-json\/wp\/v2\/comments?post=36"}],"version-history":[{"count":34,"href":"https:\/\/ulihoehmann.de\/index.php\/wp-json\/wp\/v2\/pages\/36\/revisions"}],"predecessor-version":[{"id":1431,"href":"https:\/\/ulihoehmann.de\/index.php\/wp-json\/wp\/v2\/pages\/36\/revisions\/1431"}],"wp:attachment":[{"href":"https:\/\/ulihoehmann.de\/index.php\/wp-json\/wp\/v2\/media?parent=36"}],"curies":[{"name":"wp","href":"https:\/\/api.w.org\/{rel}","templated":true}]}}