{"id":585,"date":"2022-03-27T09:54:05","date_gmt":"2022-03-27T07:54:05","guid":{"rendered":"https:\/\/ulihoehmann.de\/?page_id=585"},"modified":"2025-07-23T11:41:16","modified_gmt":"2025-07-23T09:41:16","slug":"projekte","status":"publish","type":"page","link":"https:\/\/ulihoehmann.de\/index.php\/projekte\/","title":{"rendered":"Projekte"},"content":{"rendered":"<p>[vc_row padding_top_multiplier=&#8220;&#8220;][vc_column css=&#8220;.vc_custom_1556172680834{margin-top: 18px !important;}&#8220;][vc_column_text]<\/p>\r\n<blockquote class=\"wp-block-quote is-layout-flow wp-block-quote-is-layout-flow\">\r\n<p>Vironymus klopfte im Fr\u00fchjahr 2020 an meinen Mundschutz und bat um Asyl. Da ich ein gro\u00dfes Herz habe, auch f\u00fcr Proteinpopel wie ihn, hatten wir einen Deal: Er durfte mein Smartphone, Computer und Arbeitszimmer f\u00fcr seine Videodrehs nutzen, daf\u00fcr blieb ich gesund. Au\u00dfer, dass ich ab und zu vor mich hinkicherte. Aber das war asymptomatisch und hatte ich schon l\u00e4nger &#8230; Er begleitete mich durch die Pandemie. Erst in Videos (co-starring Donald Trump alias Mike Marklove), sp\u00e4ter auch auf der B\u00fchne.<\/p>\r\n<\/blockquote>\r\n<p>[\/vc_column_text]<div class=\"eut-empty-space eut-height-3x\" style=\"\"><\/div><div class=\"eut-element eut-carousel eut-layout-1 eut-with-gap\" style=\"\">  <div class=\"eut-carousel-wrapper\"><div class=\"eut-carousel-navigation eut-dark eut-navigation-1 eut-navigation-carousel\">\t<div class=\"eut-carousel-buttons\">\t\t<div class=\"eut-carousel-prev\">\t\t\t<i class=\"eut-icon-nav-left-small\"><\/i>\t\t<\/div>\t\t<div class=\"eut-carousel-next\">\t\t\t<i class=\"eut-icon-nav-right-small\"><\/i>\t\t<\/div>\t<\/div><\/div>    <div class=\"eut-carousel-element eut-gallery-popup \" data-items=\"3\" data-items-tablet-landscape=\"3\" data-items-tablet-portrait=\"3\" data-items-mobile=\"1\" data-slider-autoplay=\"yes\" data-slider-speed=\"2000\" data-slider-pause=\"no\" data-pagination-speed=\"400\" data-pagination=\"no\" data-slider-loop=\"yes\" data-gutter-size=\"10\"><div class=\"eut-carousel-item eut-hover-item eut-hover-style-none\">  <figure class=\"eut-image-hover eut-zoom-in\">    <a class=\"eut-item-url\" href=\"https:\/\/ulihoehmann.de\/wp-content\/uploads\/Vironymus_Making_of_01.jpg\" ><\/a>    <div class=\"eut-hover-overlay eut-bg-dark eut-opacity-50\"><\/div><div class=\"eut-media\"><img loading=\"lazy\" decoding=\"async\" width=\"560\" height=\"560\" src=\"https:\/\/ulihoehmann.de\/wp-content\/uploads\/Vironymus_Making_of_01-560x560.jpg\" class=\"attachment-fildisi-eutf-small-square size-fildisi-eutf-small-square\" alt=\"\" srcset=\"https:\/\/ulihoehmann.de\/wp-content\/uploads\/Vironymus_Making_of_01-560x560.jpg 560w, https:\/\/ulihoehmann.de\/wp-content\/uploads\/Vironymus_Making_of_01-300x300.jpg 300w, https:\/\/ulihoehmann.de\/wp-content\/uploads\/Vironymus_Making_of_01-1024x1024.jpg 1024w, https:\/\/ulihoehmann.de\/wp-content\/uploads\/Vironymus_Making_of_01-150x150.jpg 150w, https:\/\/ulihoehmann.de\/wp-content\/uploads\/Vironymus_Making_of_01-768x768.jpg 768w, https:\/\/ulihoehmann.de\/wp-content\/uploads\/Vironymus_Making_of_01-900x900.jpg 900w, https:\/\/ulihoehmann.de\/wp-content\/uploads\/Vironymus_Making_of_01.jpg 1080w\" sizes=\"(max-width: 560px) 100vw, 560px\" \/><\/div>  <\/figure><\/div><div class=\"eut-carousel-item eut-hover-item eut-hover-style-none\">  <figure class=\"eut-image-hover eut-zoom-in\">    <a class=\"eut-item-url\" href=\"https:\/\/ulihoehmann.de\/wp-content\/uploads\/Vironymus_Making_of_02.jpg\" ><\/a>    <div class=\"eut-hover-overlay eut-bg-dark eut-opacity-50\"><\/div><div class=\"eut-media\"><img loading=\"lazy\" decoding=\"async\" width=\"560\" height=\"560\" src=\"https:\/\/ulihoehmann.de\/wp-content\/uploads\/Vironymus_Making_of_02-560x560.jpg\" class=\"attachment-fildisi-eutf-small-square size-fildisi-eutf-small-square\" alt=\"\" srcset=\"https:\/\/ulihoehmann.de\/wp-content\/uploads\/Vironymus_Making_of_02-560x560.jpg 560w, https:\/\/ulihoehmann.de\/wp-content\/uploads\/Vironymus_Making_of_02-150x150.jpg 150w\" sizes=\"(max-width: 560px) 100vw, 560px\" \/><\/div>  <\/figure><\/div><div class=\"eut-carousel-item eut-hover-item eut-hover-style-none\">  <figure class=\"eut-image-hover eut-zoom-in\">    <a class=\"eut-item-url\" href=\"https:\/\/ulihoehmann.de\/wp-content\/uploads\/Vironymus_Making_of_03.jpg\" ><\/a>    <div class=\"eut-hover-overlay eut-bg-dark eut-opacity-50\"><\/div><div class=\"eut-media\"><img loading=\"lazy\" decoding=\"async\" width=\"560\" height=\"560\" src=\"https:\/\/ulihoehmann.de\/wp-content\/uploads\/Vironymus_Making_of_03-560x560.jpg\" class=\"attachment-fildisi-eutf-small-square size-fildisi-eutf-small-square\" alt=\"\" srcset=\"https:\/\/ulihoehmann.de\/wp-content\/uploads\/Vironymus_Making_of_03-560x560.jpg 560w, https:\/\/ulihoehmann.de\/wp-content\/uploads\/Vironymus_Making_of_03-150x150.jpg 150w\" sizes=\"(max-width: 560px) 100vw, 560px\" \/><\/div>  <\/figure><\/div><div class=\"eut-carousel-item eut-hover-item eut-hover-style-none\">  <figure class=\"eut-image-hover eut-zoom-in\">    <a class=\"eut-item-url\" href=\"https:\/\/ulihoehmann.de\/wp-content\/uploads\/Vironymus_Making_of_04.jpg\" ><\/a>    <div class=\"eut-hover-overlay eut-bg-dark eut-opacity-50\"><\/div><div class=\"eut-media\"><img loading=\"lazy\" decoding=\"async\" width=\"560\" height=\"560\" src=\"https:\/\/ulihoehmann.de\/wp-content\/uploads\/Vironymus_Making_of_04-560x560.jpg\" class=\"attachment-fildisi-eutf-small-square size-fildisi-eutf-small-square\" alt=\"\" srcset=\"https:\/\/ulihoehmann.de\/wp-content\/uploads\/Vironymus_Making_of_04-560x560.jpg 560w, https:\/\/ulihoehmann.de\/wp-content\/uploads\/Vironymus_Making_of_04-150x150.jpg 150w\" sizes=\"(max-width: 560px) 100vw, 560px\" \/><\/div>  <\/figure><\/div><div class=\"eut-carousel-item eut-hover-item eut-hover-style-none\">  <figure class=\"eut-image-hover eut-zoom-in\">    <a class=\"eut-item-url\" href=\"https:\/\/ulihoehmann.de\/wp-content\/uploads\/Vironymus_Making_of_05.jpg\" ><\/a>    <div class=\"eut-hover-overlay eut-bg-dark eut-opacity-50\"><\/div><div class=\"eut-media\"><img loading=\"lazy\" decoding=\"async\" width=\"560\" height=\"560\" src=\"https:\/\/ulihoehmann.de\/wp-content\/uploads\/Vironymus_Making_of_05-560x560.jpg\" class=\"attachment-fildisi-eutf-small-square size-fildisi-eutf-small-square\" alt=\"\" srcset=\"https:\/\/ulihoehmann.de\/wp-content\/uploads\/Vironymus_Making_of_05-560x560.jpg 560w, https:\/\/ulihoehmann.de\/wp-content\/uploads\/Vironymus_Making_of_05-150x150.jpg 150w\" sizes=\"(max-width: 560px) 100vw, 560px\" \/><\/div>  <\/figure><\/div><div class=\"eut-carousel-item eut-hover-item eut-hover-style-none\">  <figure class=\"eut-image-hover eut-zoom-in\">    <a class=\"eut-item-url\" href=\"https:\/\/ulihoehmann.de\/wp-content\/uploads\/Vironymus_Making_of_06.jpg\" ><\/a>    <div class=\"eut-hover-overlay eut-bg-dark eut-opacity-50\"><\/div><div class=\"eut-media\"><img loading=\"lazy\" decoding=\"async\" width=\"560\" height=\"560\" src=\"https:\/\/ulihoehmann.de\/wp-content\/uploads\/Vironymus_Making_of_06-560x560.jpg\" class=\"attachment-fildisi-eutf-small-square size-fildisi-eutf-small-square\" alt=\"\" srcset=\"https:\/\/ulihoehmann.de\/wp-content\/uploads\/Vironymus_Making_of_06-560x560.jpg 560w, https:\/\/ulihoehmann.de\/wp-content\/uploads\/Vironymus_Making_of_06-150x150.jpg 150w\" sizes=\"(max-width: 560px) 100vw, 560px\" \/><\/div>  <\/figure><\/div><div class=\"eut-carousel-item eut-hover-item eut-hover-style-none\">  <figure class=\"eut-image-hover eut-zoom-in\">    <a class=\"eut-item-url\" href=\"https:\/\/ulihoehmann.de\/wp-content\/uploads\/Vironymus_Making_of_07.jpg\" ><\/a>    <div class=\"eut-hover-overlay eut-bg-dark eut-opacity-50\"><\/div><div class=\"eut-media\"><img loading=\"lazy\" decoding=\"async\" width=\"560\" height=\"560\" src=\"https:\/\/ulihoehmann.de\/wp-content\/uploads\/Vironymus_Making_of_07-560x560.jpg\" class=\"attachment-fildisi-eutf-small-square size-fildisi-eutf-small-square\" alt=\"\" srcset=\"https:\/\/ulihoehmann.de\/wp-content\/uploads\/Vironymus_Making_of_07-560x560.jpg 560w, https:\/\/ulihoehmann.de\/wp-content\/uploads\/Vironymus_Making_of_07-150x150.jpg 150w\" sizes=\"(max-width: 560px) 100vw, 560px\" \/><\/div>  <\/figure><\/div><div class=\"eut-carousel-item eut-hover-item eut-hover-style-none\">  <figure class=\"eut-image-hover eut-zoom-in\">    <a class=\"eut-item-url\" href=\"https:\/\/ulihoehmann.de\/wp-content\/uploads\/Vironymus_Making_of_08.jpg\" ><\/a>    <div class=\"eut-hover-overlay eut-bg-dark eut-opacity-50\"><\/div><div class=\"eut-media\"><img loading=\"lazy\" decoding=\"async\" width=\"560\" height=\"560\" src=\"https:\/\/ulihoehmann.de\/wp-content\/uploads\/Vironymus_Making_of_08-560x560.jpg\" class=\"attachment-fildisi-eutf-small-square size-fildisi-eutf-small-square\" alt=\"\" srcset=\"https:\/\/ulihoehmann.de\/wp-content\/uploads\/Vironymus_Making_of_08-560x560.jpg 560w, https:\/\/ulihoehmann.de\/wp-content\/uploads\/Vironymus_Making_of_08-150x150.jpg 150w\" sizes=\"(max-width: 560px) 100vw, 560px\" \/><\/div>  <\/figure><\/div><div class=\"eut-carousel-item eut-hover-item eut-hover-style-none\">  <figure class=\"eut-image-hover eut-zoom-in\">    <a class=\"eut-item-url\" href=\"https:\/\/ulihoehmann.de\/wp-content\/uploads\/Vironymus_Making_of_09.jpg\" ><\/a>    <div class=\"eut-hover-overlay eut-bg-dark eut-opacity-50\"><\/div><div class=\"eut-media\"><img loading=\"lazy\" decoding=\"async\" width=\"560\" height=\"560\" src=\"https:\/\/ulihoehmann.de\/wp-content\/uploads\/Vironymus_Making_of_09-560x560.jpg\" class=\"attachment-fildisi-eutf-small-square size-fildisi-eutf-small-square\" alt=\"\" srcset=\"https:\/\/ulihoehmann.de\/wp-content\/uploads\/Vironymus_Making_of_09-560x560.jpg 560w, https:\/\/ulihoehmann.de\/wp-content\/uploads\/Vironymus_Making_of_09-150x150.jpg 150w, https:\/\/ulihoehmann.de\/wp-content\/uploads\/Vironymus_Making_of_09-900x900.jpg 900w\" sizes=\"(max-width: 560px) 100vw, 560px\" \/><\/div>  <\/figure><\/div><div class=\"eut-carousel-item eut-hover-item eut-hover-style-none\">  <figure class=\"eut-image-hover eut-zoom-in\">    <a class=\"eut-item-url\" href=\"https:\/\/ulihoehmann.de\/wp-content\/uploads\/Vironymus_Making_of_10.jpg\" ><\/a>    <div class=\"eut-hover-overlay eut-bg-dark eut-opacity-50\"><\/div><div class=\"eut-media\"><img loading=\"lazy\" decoding=\"async\" width=\"560\" height=\"560\" src=\"https:\/\/ulihoehmann.de\/wp-content\/uploads\/Vironymus_Making_of_10-560x560.jpg\" class=\"attachment-fildisi-eutf-small-square size-fildisi-eutf-small-square\" alt=\"\" srcset=\"https:\/\/ulihoehmann.de\/wp-content\/uploads\/Vironymus_Making_of_10-560x560.jpg 560w, https:\/\/ulihoehmann.de\/wp-content\/uploads\/Vironymus_Making_of_10-150x150.jpg 150w\" sizes=\"(max-width: 560px) 100vw, 560px\" \/><\/div>  <\/figure><\/div><div class=\"eut-carousel-item eut-hover-item eut-hover-style-none\">  <figure class=\"eut-image-hover eut-zoom-in\">    <a class=\"eut-item-url\" href=\"https:\/\/ulihoehmann.de\/wp-content\/uploads\/Vironymus_Making_of_11.jpg\" ><\/a>    <div class=\"eut-hover-overlay eut-bg-dark eut-opacity-50\"><\/div><div class=\"eut-media\"><img loading=\"lazy\" decoding=\"async\" width=\"560\" height=\"560\" src=\"https:\/\/ulihoehmann.de\/wp-content\/uploads\/Vironymus_Making_of_11-560x560.jpg\" class=\"attachment-fildisi-eutf-small-square size-fildisi-eutf-small-square\" alt=\"\" srcset=\"https:\/\/ulihoehmann.de\/wp-content\/uploads\/Vironymus_Making_of_11-560x560.jpg 560w, https:\/\/ulihoehmann.de\/wp-content\/uploads\/Vironymus_Making_of_11-150x150.jpg 150w\" sizes=\"(max-width: 560px) 100vw, 560px\" \/><\/div>  <\/figure><\/div><div class=\"eut-carousel-item eut-hover-item eut-hover-style-none\">  <figure class=\"eut-image-hover eut-zoom-in\">    <a class=\"eut-item-url\" href=\"https:\/\/ulihoehmann.de\/wp-content\/uploads\/Vironymus_Making_of_12.jpg\" ><\/a>    <div class=\"eut-hover-overlay eut-bg-dark eut-opacity-50\"><\/div><div class=\"eut-media\"><img loading=\"lazy\" decoding=\"async\" width=\"560\" height=\"560\" src=\"https:\/\/ulihoehmann.de\/wp-content\/uploads\/Vironymus_Making_of_12-560x560.jpg\" class=\"attachment-fildisi-eutf-small-square size-fildisi-eutf-small-square\" alt=\"\" srcset=\"https:\/\/ulihoehmann.de\/wp-content\/uploads\/Vironymus_Making_of_12-560x560.jpg 560w, https:\/\/ulihoehmann.de\/wp-content\/uploads\/Vironymus_Making_of_12-150x150.jpg 150w\" sizes=\"(max-width: 560px) 100vw, 560px\" \/><\/div>  <\/figure><\/div><div class=\"eut-carousel-item eut-hover-item eut-hover-style-none\">  <figure class=\"eut-image-hover eut-zoom-in\">    <a class=\"eut-item-url\" href=\"https:\/\/ulihoehmann.de\/wp-content\/uploads\/Vironymus_Making_of_13.jpg\" ><\/a>    <div class=\"eut-hover-overlay eut-bg-dark eut-opacity-50\"><\/div><div class=\"eut-media\"><img loading=\"lazy\" decoding=\"async\" width=\"560\" height=\"560\" src=\"https:\/\/ulihoehmann.de\/wp-content\/uploads\/Vironymus_Making_of_13-560x560.jpg\" class=\"attachment-fildisi-eutf-small-square size-fildisi-eutf-small-square\" alt=\"\" srcset=\"https:\/\/ulihoehmann.de\/wp-content\/uploads\/Vironymus_Making_of_13-560x560.jpg 560w, https:\/\/ulihoehmann.de\/wp-content\/uploads\/Vironymus_Making_of_13-150x150.jpg 150w\" sizes=\"(max-width: 560px) 100vw, 560px\" \/><\/div>  <\/figure><\/div><div class=\"eut-carousel-item eut-hover-item eut-hover-style-none\">  <figure class=\"eut-image-hover eut-zoom-in\">    <a class=\"eut-item-url\" href=\"https:\/\/ulihoehmann.de\/wp-content\/uploads\/Vironymus_Making_of_14.jpg\" ><\/a>    <div class=\"eut-hover-overlay eut-bg-dark eut-opacity-50\"><\/div><div class=\"eut-media\"><img loading=\"lazy\" decoding=\"async\" width=\"560\" height=\"560\" src=\"https:\/\/ulihoehmann.de\/wp-content\/uploads\/Vironymus_Making_of_14-560x560.jpg\" class=\"attachment-fildisi-eutf-small-square size-fildisi-eutf-small-square\" alt=\"\" srcset=\"https:\/\/ulihoehmann.de\/wp-content\/uploads\/Vironymus_Making_of_14-560x560.jpg 560w, https:\/\/ulihoehmann.de\/wp-content\/uploads\/Vironymus_Making_of_14-150x150.jpg 150w\" sizes=\"(max-width: 560px) 100vw, 560px\" \/><\/div>  <\/figure><\/div><div class=\"eut-carousel-item eut-hover-item eut-hover-style-none\">  <figure class=\"eut-image-hover eut-zoom-in\">    <a class=\"eut-item-url\" href=\"https:\/\/ulihoehmann.de\/wp-content\/uploads\/Vironymus_Making_of_15.jpg\" ><\/a>    <div class=\"eut-hover-overlay eut-bg-dark eut-opacity-50\"><\/div><div class=\"eut-media\"><img loading=\"lazy\" decoding=\"async\" width=\"560\" height=\"560\" src=\"https:\/\/ulihoehmann.de\/wp-content\/uploads\/Vironymus_Making_of_15-560x560.jpg\" class=\"attachment-fildisi-eutf-small-square size-fildisi-eutf-small-square\" alt=\"\" srcset=\"https:\/\/ulihoehmann.de\/wp-content\/uploads\/Vironymus_Making_of_15-560x560.jpg 560w, https:\/\/ulihoehmann.de\/wp-content\/uploads\/Vironymus_Making_of_15-150x150.jpg 150w, https:\/\/ulihoehmann.de\/wp-content\/uploads\/Vironymus_Making_of_15-900x900.jpg 900w\" sizes=\"(max-width: 560px) 100vw, 560px\" \/><\/div>  <\/figure><\/div><div class=\"eut-carousel-item eut-hover-item eut-hover-style-none\">  <figure class=\"eut-image-hover eut-zoom-in\">    <a class=\"eut-item-url\" href=\"https:\/\/ulihoehmann.de\/wp-content\/uploads\/Vironymus_Making_of_16.jpg\" ><\/a>    <div class=\"eut-hover-overlay eut-bg-dark eut-opacity-50\"><\/div><div class=\"eut-media\"><img loading=\"lazy\" decoding=\"async\" width=\"560\" height=\"560\" src=\"https:\/\/ulihoehmann.de\/wp-content\/uploads\/Vironymus_Making_of_16-560x560.jpg\" class=\"attachment-fildisi-eutf-small-square size-fildisi-eutf-small-square\" alt=\"\" srcset=\"https:\/\/ulihoehmann.de\/wp-content\/uploads\/Vironymus_Making_of_16-560x560.jpg 560w, https:\/\/ulihoehmann.de\/wp-content\/uploads\/Vironymus_Making_of_16-150x150.jpg 150w, https:\/\/ulihoehmann.de\/wp-content\/uploads\/Vironymus_Making_of_16-900x900.jpg 900w\" sizes=\"(max-width: 560px) 100vw, 560px\" \/><\/div>  <\/figure><\/div><div class=\"eut-carousel-item eut-hover-item eut-hover-style-none\">  <figure class=\"eut-image-hover eut-zoom-in\">    <a class=\"eut-item-url\" href=\"https:\/\/ulihoehmann.de\/wp-content\/uploads\/Vironymus_Making_of_17.jpg\" ><\/a>    <div class=\"eut-hover-overlay eut-bg-dark eut-opacity-50\"><\/div><div class=\"eut-media\"><img loading=\"lazy\" decoding=\"async\" width=\"560\" height=\"560\" src=\"https:\/\/ulihoehmann.de\/wp-content\/uploads\/Vironymus_Making_of_17-560x560.jpg\" class=\"attachment-fildisi-eutf-small-square size-fildisi-eutf-small-square\" alt=\"\" srcset=\"https:\/\/ulihoehmann.de\/wp-content\/uploads\/Vironymus_Making_of_17-560x560.jpg 560w, https:\/\/ulihoehmann.de\/wp-content\/uploads\/Vironymus_Making_of_17-150x150.jpg 150w, https:\/\/ulihoehmann.de\/wp-content\/uploads\/Vironymus_Making_of_17-900x900.jpg 900w\" sizes=\"(max-width: 560px) 100vw, 560px\" \/><\/div>  <\/figure><\/div><div class=\"eut-carousel-item eut-hover-item eut-hover-style-none\">  <figure class=\"eut-image-hover eut-zoom-in\">    <a class=\"eut-item-url\" href=\"https:\/\/ulihoehmann.de\/wp-content\/uploads\/Vironymus_Making_of_18.jpg\" ><\/a>    <div class=\"eut-hover-overlay eut-bg-dark eut-opacity-50\"><\/div><div class=\"eut-media\"><img loading=\"lazy\" decoding=\"async\" width=\"560\" height=\"560\" src=\"https:\/\/ulihoehmann.de\/wp-content\/uploads\/Vironymus_Making_of_18-560x560.jpg\" class=\"attachment-fildisi-eutf-small-square size-fildisi-eutf-small-square\" alt=\"\" srcset=\"https:\/\/ulihoehmann.de\/wp-content\/uploads\/Vironymus_Making_of_18-560x560.jpg 560w, https:\/\/ulihoehmann.de\/wp-content\/uploads\/Vironymus_Making_of_18-150x150.jpg 150w\" sizes=\"(max-width: 560px) 100vw, 560px\" \/><\/div>  <\/figure><\/div><div class=\"eut-carousel-item eut-hover-item eut-hover-style-none\">  <figure class=\"eut-image-hover eut-zoom-in\">    <a class=\"eut-item-url\" href=\"https:\/\/ulihoehmann.de\/wp-content\/uploads\/Vironymus_Making_of_19.jpg\" ><\/a>    <div class=\"eut-hover-overlay eut-bg-dark eut-opacity-50\"><\/div><div class=\"eut-media\"><img loading=\"lazy\" decoding=\"async\" width=\"560\" height=\"560\" src=\"https:\/\/ulihoehmann.de\/wp-content\/uploads\/Vironymus_Making_of_19-560x560.jpg\" class=\"attachment-fildisi-eutf-small-square size-fildisi-eutf-small-square\" alt=\"\" srcset=\"https:\/\/ulihoehmann.de\/wp-content\/uploads\/Vironymus_Making_of_19-560x560.jpg 560w, https:\/\/ulihoehmann.de\/wp-content\/uploads\/Vironymus_Making_of_19-150x150.jpg 150w, https:\/\/ulihoehmann.de\/wp-content\/uploads\/Vironymus_Making_of_19-900x900.jpg 900w\" sizes=\"(max-width: 560px) 100vw, 560px\" \/><\/div>  <\/figure><\/div><div class=\"eut-carousel-item eut-hover-item eut-hover-style-none\">  <figure class=\"eut-image-hover eut-zoom-in\">    <a class=\"eut-item-url\" href=\"https:\/\/ulihoehmann.de\/wp-content\/uploads\/Vironymus_Making_of_20.jpg\" ><\/a>    <div class=\"eut-hover-overlay eut-bg-dark eut-opacity-50\"><\/div><div class=\"eut-media\"><img loading=\"lazy\" decoding=\"async\" width=\"560\" height=\"560\" src=\"https:\/\/ulihoehmann.de\/wp-content\/uploads\/Vironymus_Making_of_20-560x560.jpg\" class=\"attachment-fildisi-eutf-small-square size-fildisi-eutf-small-square\" alt=\"\" srcset=\"https:\/\/ulihoehmann.de\/wp-content\/uploads\/Vironymus_Making_of_20-560x560.jpg 560w, https:\/\/ulihoehmann.de\/wp-content\/uploads\/Vironymus_Making_of_20-300x300.jpg 300w, https:\/\/ulihoehmann.de\/wp-content\/uploads\/Vironymus_Making_of_20-1024x1024.jpg 1024w, https:\/\/ulihoehmann.de\/wp-content\/uploads\/Vironymus_Making_of_20-150x150.jpg 150w, https:\/\/ulihoehmann.de\/wp-content\/uploads\/Vironymus_Making_of_20-768x768.jpg 768w, https:\/\/ulihoehmann.de\/wp-content\/uploads\/Vironymus_Making_of_20-900x900.jpg 900w, https:\/\/ulihoehmann.de\/wp-content\/uploads\/Vironymus_Making_of_20.jpg 1080w\" sizes=\"(max-width: 560px) 100vw, 560px\" \/><\/div>  <\/figure><\/div>\t  <\/div>\t<\/div><\/div><div class=\"eut-empty-space eut-height-2x\" style=\"\"><\/div>[\/vc_column][\/vc_row][vc_row][vc_column width=&#8220;1\/3&#8243; css=&#8220;.vc_custom_1648933588993{margin-top: 18px !important;}&#8220;][vc_column_text]<\/p>\r\n<p>Das ist daraus geworden dank der Unterst\u00fctzung eines Arbeitsstipendiums der Hessischen Kulturstiftung 2020:<\/p>\r\n<p>[\/vc_column_text][\/vc_column][vc_column width=&#8220;2\/3&#8243;]<div class=\"eut-element eut-video\" style=\"\"><iframe loading=\"lazy\" title=\"Vironymus #5 Das Stipendium - Uli H\u00f6hmann\" width=\"1080\" height=\"608\" src=\"https:\/\/www.youtube.com\/embed\/mu8K3sgUiEw?feature=oembed\" frameborder=\"0\" allow=\"accelerometer; autoplay; clipboard-write; encrypted-media; gyroscope; picture-in-picture\" allowfullscreen><\/iframe><\/div>[\/vc_column][\/vc_row][vc_row][vc_column width=&#8220;1\/3&#8243; css=&#8220;.vc_custom_1648933595524{margin-top: 18px !important;}&#8220;][vc_column_text]<\/p>\r\n<p>Die Weihnachtsgeschichte in Zeiten von Corona. Jeden Tag eine neue Episode vom 1. bis 24. Dezember 2020. Denn Vironymus will DANKE sagen. Euch allen. Danke f\u00fcr dieses erste, mega coole Jahr in euren Rachenfalten.<\/p>\r\n<p>[\/vc_column_text][\/vc_column][vc_column width=&#8220;2\/3&#8243;]<div class=\"eut-element eut-video\" style=\"\"><iframe loading=\"lazy\" title=\"VIRONYMUS&#039; WEIHNACHTSTRIP #1\" width=\"1080\" height=\"608\" src=\"https:\/\/www.youtube.com\/embed\/CFMbWO_OhYk?feature=oembed\" frameborder=\"0\" allow=\"accelerometer; autoplay; clipboard-write; encrypted-media; gyroscope; picture-in-picture\" allowfullscreen><\/iframe><\/div>[\/vc_column][\/vc_row][vc_row][vc_column width=&#8220;1\/3&#8243; mobile_width=&#8220;hide&#8220;][vc_column_text]<\/p>\r\n<p>Weihnachten 2020 &#8211; wir erinnern uns: Alle Welt wartet auf den Erl\u00f6ser. Und wir werden ihn finden in kleinen Fl\u00e4schchen liegend \u00e0 sechs Dosen (oder doch sieben? Oder nur f\u00fcnf?) in Kan\u00fclen gef\u00fcllt und in labbrige Oberarme gespritzt.<\/p>\r\n<p>[\/vc_column_text][\/vc_column][vc_column width=&#8220;2\/3&#8243;]<div class=\"eut-element eut-video\" style=\"\"><iframe loading=\"lazy\" title=\"DEVIRONYMUS&#039; WEIHNACHTSTRIP #23\" width=\"1080\" height=\"608\" src=\"https:\/\/www.youtube.com\/embed\/P8sxx1gw7ic?feature=oembed\" frameborder=\"0\" allow=\"accelerometer; autoplay; clipboard-write; encrypted-media; gyroscope; picture-in-picture\" allowfullscreen><\/iframe><\/div><div class=\"eut-empty-space eut-height-1x\" style=\"\"><\/div>[vc_column_text]<\/p>\r\n<h5><a href=\"https:\/\/www.youtube.com\/channel\/UC1EuJUHB40hR8xZR6_ykyDg\/videos\" target=\"_blank\" rel=\"noopener noreferrer\"><span style=\"color: #ffd400;\"><u>Alle Episoden in meinem Youtube-Kanal<\/u><\/span><\/a><\/h5>\r\n<p>[\/vc_column_text][\/vc_column][\/vc_row]<\/p>","protected":false},"excerpt":{"rendered":"<p>[vc_row padding_top_multiplier=&#8220;&#8220;][vc_column css=&#8220;.vc_custom_1556172680834{margin-top: 18px !important;}&#8220;][vc_column_text] Vironymus klopfte im Fr\u00fchjahr 2020 an meinen Mundschutz und bat um Asyl. Da ich ein gro\u00dfes Herz habe, auch f\u00fcr Proteinpopel wie ihn, hatten wir einen Deal: Er durfte mein Smartphone, Computer und Arbeitszimmer f\u00fcr seine Videodrehs nutzen, daf\u00fcr blieb ich gesund. Au\u00dfer, dass ich ab und zu vor mich [&hellip;]<\/p>\n","protected":false},"author":1,"featured_media":0,"parent":0,"menu_order":3,"comment_status":"closed","ping_status":"closed","template":"","meta":{"footnotes":""},"_links":{"self":[{"href":"https:\/\/ulihoehmann.de\/index.php\/wp-json\/wp\/v2\/pages\/585"}],"collection":[{"href":"https:\/\/ulihoehmann.de\/index.php\/wp-json\/wp\/v2\/pages"}],"about":[{"href":"https:\/\/ulihoehmann.de\/index.php\/wp-json\/wp\/v2\/types\/page"}],"author":[{"embeddable":true,"href":"https:\/\/ulihoehmann.de\/index.php\/wp-json\/wp\/v2\/users\/1"}],"replies":[{"embeddable":true,"href":"https:\/\/ulihoehmann.de\/index.php\/wp-json\/wp\/v2\/comments?post=585"}],"version-history":[{"count":3,"href":"https:\/\/ulihoehmann.de\/index.php\/wp-json\/wp\/v2\/pages\/585\/revisions"}],"predecessor-version":[{"id":1404,"href":"https:\/\/ulihoehmann.de\/index.php\/wp-json\/wp\/v2\/pages\/585\/revisions\/1404"}],"wp:attachment":[{"href":"https:\/\/ulihoehmann.de\/index.php\/wp-json\/wp\/v2\/media?parent=585"}],"curies":[{"name":"wp","href":"https:\/\/api.w.org\/{rel}","templated":true}]}}