{"id":996,"date":"2023-03-10T10:14:15","date_gmt":"2023-03-10T09:14:15","guid":{"rendered":"https:\/\/ulihoehmann.de\/?page_id=996"},"modified":"2023-03-10T10:16:40","modified_gmt":"2023-03-10T09:16:40","slug":"newsletter","status":"publish","type":"page","link":"https:\/\/ulihoehmann.de\/index.php\/newsletter\/","title":{"rendered":"Newsletter"},"content":{"rendered":"<p>[vc_row][vc_column width=&#8220;1\/4&#8243; mobile_width=&#8220;hide&#8220; text_align=&#8220;center&#8220;][\/vc_column][vc_column width=&#8220;1\/2&#8243;][vc_column_text]\t\t\t\n\t\t\t<form id=\"sib_signup_form_1\" method=\"post\" class=\"sib_signup_form\">\n\t\t\t\t<div class=\"sib_loader\" style=\"display:none;\"><img\n\t\t\t\t\t\t\tsrc=\"https:\/\/ulihoehmann.de\/wp-includes\/images\/spinner.gif\" alt=\"loader\"><\/div>\n\t\t\t\t<input type=\"hidden\" name=\"sib_form_action\" value=\"subscribe_form_submit\">\n\t\t\t\t<input type=\"hidden\" name=\"sib_form_id\" value=\"1\">\n                <input type=\"hidden\" name=\"sib_form_alert_notice\" value=\"Bitte dieses Feld ausf\u00fcllen\">\n                <input type=\"hidden\" name=\"sib_form_invalid_email_notice\" value=\"Deine eMail Adresse ist ung\u00fcltig\">\n                <input type=\"hidden\" name=\"sib_security\" value=\"62669d489e\">\n\t\t\t\t<div class=\"sib_signup_box_inside_1\">\n\t\t\t\t\t<div style=\"\/*display:none*\/\" class=\"sib_msg_disp\">\n\t\t\t\t\t<\/div>\n                    \t\t\t\t\t<h3>Abonniere meinen Newsletter<\/h3>\r\n\r\n<p class=\"sib-email-area\">\r\n    Deine eMail-Addresse (Pflichtfeld)\r\n    <input type=\"email\" class=\"sib-email-area\" name=\"email\" required=\"required\">\r\n<\/p>\r\n<p class=\"sib-NAME-area\">\r\n    Dein Name\r\n    <input type=\"text\" class=\"sib-NAME-area\" name=\"NAME\">\r\n<\/p>\r\n<p style=\"font-size: 16px;line-height: 24px\">Deine eMail-Adresse wird ausschlie\u00dflich dazu verwendet, Dir meinen Newsletter und Informationen \u00fcber die Aktivit\u00e4ten von Uli H\u00f6hmann zuzusenden. Du kannst Dich jederzeit \u00fcber den im Newsletter enthaltenen Link wieder abmelden.<\/p>\r\n<p style=\"font-size: 16px;line-height: 24px\"><input type=\"checkbox\" name=\"terms\" required=\"required\"> Ich bin damit einverstanden, dass Uli H\u00f6hmann meine mit diesem Formular \u00fcbermittelten pers\u00f6nlichen Daten speichern und nutzen kann um mich wieder zu kontaktieren. Hinweise zur Verarbeitung Ihrer Angaben und Widerspruchsrechte finden Sie in meiner <a href=\"https:\/\/ulihoehmann.de\/index.php\/datenschutz\/\">Datenschutzerkl\u00e4rung<\/a>.\r\n<\/p>\r\n<p>\r\n    <input type=\"submit\" class=\"sib-default-btn\" value=\"Anmelden\">\r\n<\/p>\r\n\t\t\t\t<\/div>\n\t\t\t<\/form>\n\t\t\t<style>\n\t\t\t\tform#sib_signup_form_1 { padding: 5px; -moz-box-sizing:border-box; -webkit-box-sizing: border-box; box-sizing: border-box; } form#sib_signup_form_1 input[type=text],form#sib_signup_form_1 input[type=email], form#sib_signup_form_1 select { width: 100%; border: 1px solid #333; height: auto; margin: 5px 0 0 0; } form#sib_signup_form_1 .sib-default-btn { margin: 5px 0; padding: 6px 12px; color:#fff; background-color: #0075b8; border-color: #2E2E2E; font-size: 14px; font-weight:400; line-height: 1.4285; text-align: center; cursor: pointer; vertical-align: middle; -webkit-user-select:none; -moz-user-select:none; -ms-user-select:none; user-select:none; white-space: normal; border:1px solid transparent; border-radius: 3px; } form#sib_signup_form_1 .sib-default-btn:hover { background-color: #ffd400; } form#sib_signup_form_1 p{ margin: 10px 0 0 0; }form#sib_signup_form_1 p.sib-alert-message {\n    padding: 6px 12px;\n    margin-bottom: 20px;\n    border: 1px solid transparent;\n    border-radius: 4px;\n    -webkit-box-sizing: border-box;\n    -moz-box-sizing: border-box;\n    box-sizing: border-box;\n}\nform#sib_signup_form_1 p.sib-alert-message-error {\n    background-color: #f2dede;\n    border-color: #ebccd1;\n    color: #a94442;\n}\nform#sib_signup_form_1 p.sib-alert-message-success {\n    background-color: #dff0d8;\n    border-color: #d6e9c6;\n    color: #3c763d;\n}\nform#sib_signup_form_1 p.sib-alert-message-warning {\n    background-color: #fcf8e3;\n    border-color: #faebcc;\n    color: #8a6d3b;\n}\n\t\t\t<\/style>\n\t\t\t[\/vc_column_text]<div class=\"eut-empty-space eut-height-1x\" style=\"\"><\/div>[\/vc_column][vc_column width=&#8220;1\/4&#8243; mobile_width=&#8220;hide&#8220;][\/vc_column][\/vc_row][vc_row][vc_column width=&#8220;1\/4&#8243; mobile_width=&#8220;hide&#8220;][\/vc_column][vc_column width=&#8220;1\/2&#8243;]<div class=\"eut-element eut-image eut-animated-item eut-zoom-in eut-duration-fast eut-align-center\" style=\"\" data-delay=\"500\">  <div class=\"eut-image-wrapper\"><a class=\"eut-image-popup\" href=\"https:\/\/ulihoehmann.de\/wp-content\/uploads\/pict_uli_hoehmann_gabs_tote_1080x1080_12.jpg\"><img loading=\"lazy\" decoding=\"async\" width=\"1080\" height=\"1080\" src=\"https:\/\/ulihoehmann.de\/wp-content\/uploads\/pict_uli_hoehmann_gabs_tote_1080x1080_12.jpg\" class=\"attachment-full size-full\" alt=\"\" srcset=\"https:\/\/ulihoehmann.de\/wp-content\/uploads\/pict_uli_hoehmann_gabs_tote_1080x1080_12.jpg 1080w, https:\/\/ulihoehmann.de\/wp-content\/uploads\/pict_uli_hoehmann_gabs_tote_1080x1080_12-300x300.jpg 300w, https:\/\/ulihoehmann.de\/wp-content\/uploads\/pict_uli_hoehmann_gabs_tote_1080x1080_12-1024x1024.jpg 1024w, https:\/\/ulihoehmann.de\/wp-content\/uploads\/pict_uli_hoehmann_gabs_tote_1080x1080_12-150x150.jpg 150w, https:\/\/ulihoehmann.de\/wp-content\/uploads\/pict_uli_hoehmann_gabs_tote_1080x1080_12-768x768.jpg 768w, https:\/\/ulihoehmann.de\/wp-content\/uploads\/pict_uli_hoehmann_gabs_tote_1080x1080_12-560x560.jpg 560w, https:\/\/ulihoehmann.de\/wp-content\/uploads\/pict_uli_hoehmann_gabs_tote_1080x1080_12-900x900.jpg 900w\" sizes=\"(max-width: 1080px) 100vw, 1080px\" \/><\/a>   <\/div><\/div>[\/vc_column][vc_column width=&#8220;1\/4&#8243; mobile_width=&#8220;hide&#8220;][\/vc_column][\/vc_row]<\/p>\n","protected":false},"excerpt":{"rendered":"<p>[vc_row][vc_column width=&#8220;1\/4&#8243; mobile_width=&#8220;hide&#8220; text_align=&#8220;center&#8220;][\/vc_column][vc_column width=&#8220;1\/2&#8243;][vc_column_text][\/vc_column_text][\/vc_column][vc_column width=&#8220;1\/4&#8243; mobile_width=&#8220;hide&#8220;][\/vc_column][\/vc_row][vc_row][vc_column width=&#8220;1\/4&#8243; mobile_width=&#8220;hide&#8220;][\/vc_column][vc_column width=&#8220;1\/2&#8243;][\/vc_column][vc_column width=&#8220;1\/4&#8243; mobile_width=&#8220;hide&#8220;][\/vc_column][\/vc_row]<\/p>\n","protected":false},"author":1,"featured_media":0,"parent":0,"menu_order":9,"comment_status":"closed","ping_status":"closed","template":"","meta":{"footnotes":""},"_links":{"self":[{"href":"https:\/\/ulihoehmann.de\/index.php\/wp-json\/wp\/v2\/pages\/996"}],"collection":[{"href":"https:\/\/ulihoehmann.de\/index.php\/wp-json\/wp\/v2\/pages"}],"about":[{"href":"https:\/\/ulihoehmann.de\/index.php\/wp-json\/wp\/v2\/types\/page"}],"author":[{"embeddable":true,"href":"https:\/\/ulihoehmann.de\/index.php\/wp-json\/wp\/v2\/users\/1"}],"replies":[{"embeddable":true,"href":"https:\/\/ulihoehmann.de\/index.php\/wp-json\/wp\/v2\/comments?post=996"}],"version-history":[{"count":0,"href":"https:\/\/ulihoehmann.de\/index.php\/wp-json\/wp\/v2\/pages\/996\/revisions"}],"wp:attachment":[{"href":"https:\/\/ulihoehmann.de\/index.php\/wp-json\/wp\/v2\/media?parent=996"}],"curies":[{"name":"wp","href":"https:\/\/api.w.org\/{rel}","templated":true}]}}